{"id":538,"date":"2019-04-05T13:19:07","date_gmt":"2019-04-05T12:19:07","guid":{"rendered":"http:\/\/www.maisonpaulrabaut.org\/?page_id=538"},"modified":"2023-10-21T16:23:47","modified_gmt":"2023-10-21T15:23:47","slug":"mentions-legales","status":"publish","type":"page","link":"https:\/\/www.maisonpaulrabaut.org\/?page_id=538","title":{"rendered":"Mentions l\u00e9gales"},"content":{"rendered":"<p>La Maison d\u2019Enfants Paul RABAUT est domicili\u00e9e au 2 rue Rabaut St-Etienne 30900 N\u00eemes.<\/p>\n<p>T\u00e9l\u00e9phone : 04.66.36.39.39<\/p>\n<p>Code APE : 8790 A<\/p>\n<p>Directeur de la publication : Monsieur POTTIER<\/p>\n<p>Comit\u00e9 de lecture : La Direction<\/p>\n<p>L\u2019h\u00e9bergeur du site internet est la soci\u00e9t\u00e9 LWS situ\u00e9 au 4 rue Galvani 75838 Paris Cedex 17<\/p>\n<p>T\u00e9l\u00e9phone : 01 77 62 30 03<\/p>\n<p>Pour toutes questions relatives \u00e0 la gestion des donn\u00e9es personnelles : rgpd@rabaut.fr<\/p>\n<p>L\u2019ensemble de ce site rel\u00e8ve des l\u00e9gislations fran\u00e7aise et internationales sur le droit d\u2019auteur et la propri\u00e9t\u00e9 intellectuelle. Tous les droits de reproduction sont r\u00e9serv\u00e9s, y compris pour les documents iconographiques et photographiques. Les informations qui figurent sur ce site peuvent contenir des inexactitudes techniques ou des erreurs typographiques. Elles sont non contractuelles et sujettes \u00e0 modifications sans pr\u00e9avis.<\/p>\n<p>La Maison d\u2019Enfants Paul RABAUT n\u2019est pas responsable du contenu de tout autre site auquel vous pourriez avoir acc\u00e8s en lien via le site de la Maison d\u2019Enfants Paul RABAUT. Il est express\u00e9ment entendu par l\u2019utilisateur qu\u2019EN AUCUN CAS la Maison d\u2019Enfants Paul RABAUT ne peut \u00eatre tenue responsable des dommages quelconques, directs ou indirects, mat\u00e9riels ou immat\u00e9riels ou sp\u00e9ciaux, r\u00e9sultant notamment de la consultation et\/ou de l\u2019utilisation de ce site web ou d\u2019autres sites qui lui sont li\u00e9s, comme des utilisations d\u2019informations textuelles, sonores ou visuelles qui auraient pu y \u00eatre recueillies et notamment de tout pr\u00e9judice financier ou commercial, de pertes de programmes ou de donn\u00e9es dans son syst\u00e8me d\u2019information ou autre.<\/p>\n<p>Le site de la Maison d\u2019Enfants Paul RABAUT utilise des cookies. Un cookie est un petit fichier utilis\u00e9 par les navigateurs qui leur permet de sauvegarder les informations des utilisateurs qui interagissent avec des sites web. Ils sont utilis\u00e9s pour sauvegarder les sessions des utilisateurs.<\/p>\n<p>Il est strictement interdit d\u2019utiliser ou de reproduire les informations contenues dans ce site et le nom Maison d\u2019Enfants Paul RABAUT ou son logo, seuls ou associ\u00e9s, \u00e0 quelque titre que ce soit et notamment \u00e0 des fins publicitaires sans l\u2019accord pr\u00e9alable \u00e9crit de la Maison d\u2019Enfants Paul RABAUT<\/p>\n<p>D\u2019une fa\u00e7on g\u00e9n\u00e9rale, vous pouvez visiter notre site sur Internet sans avoir \u00e0 d\u00e9cliner votre identit\u00e9 et \u00e0 fournir des informations personnelles vous concernant. Cependant, nous pouvons parfois vous demander des informations. Par exemple, lorsque vous souhaitez laisser un message sur le livre d\u2019or du site internet, il vous sera demand\u00e9 d\u2019indiquer votre nom, votre adresse mail, votre ville. Egalement, pour des raisons de s\u00e9curit\u00e9, votre adresse IP sera sauvegard\u00e9e.<\/p>\n<p>D\u00e9clar\u00e9es \u00e0 la CNIL, les informations recueillies font l\u2019objet d\u2019un traitement informatique destin\u00e9 \u00e0 la stricte utilisation de la Maison d\u2019Enfants Paul RABAUT. Le destinataire des donn\u00e9es est la Maison d\u2019Enfants Paul RABAUT.<\/p>\n<p>Conform\u00e9ment \u00e0 la loi Informatique et Libert\u00e9s du 6 janvier 1978 modifi\u00e9e en 2004, vous b\u00e9n\u00e9ficiez d\u2019un droit d\u2019acc\u00e8s et de rectification aux informations qui vous concernent, que vous pouvez exercer en vous adressant \u00e0 La Maison d\u2019Enfants Paul RABAUT, 2 rue rabaut St Etienne, 30900 N\u00eemes ou par simple mail \u00e0 rgpd@rabaut.fr en l\u2019indiquant en objet.<\/p>\n","protected":false},"excerpt":{"rendered":"<p>La Maison d\u2019Enfants Paul RABAUT est domicili\u00e9e au 2 rue Rabaut St-Etienne 30900 N\u00eemes. T\u00e9l\u00e9phone : 04.66.36.39.39 Code APE : 8790 A Directeur de la publication : Monsieur POTTIER Comit\u00e9 de lecture : La Direction L\u2019h\u00e9bergeur du site internet est&#8230; <a href=\"https:\/\/www.maisonpaulrabaut.org\/?page_id=538\" class=\"read-more\">Read more<\/a><\/p>\n","protected":false},"author":1,"featured_media":0,"parent":0,"menu_order":20,"comment_status":"closed","ping_status":"closed","template":"","meta":{"footnotes":""},"_links":{"self":[{"href":"https:\/\/www.maisonpaulrabaut.org\/index.php?rest_route=\/wp\/v2\/pages\/538"}],"collection":[{"href":"https:\/\/www.maisonpaulrabaut.org\/index.php?rest_route=\/wp\/v2\/pages"}],"about":[{"href":"https:\/\/www.maisonpaulrabaut.org\/index.php?rest_route=\/wp\/v2\/types\/page"}],"author":[{"embeddable":true,"href":"https:\/\/www.maisonpaulrabaut.org\/index.php?rest_route=\/wp\/v2\/users\/1"}],"replies":[{"embeddable":true,"href":"https:\/\/www.maisonpaulrabaut.org\/index.php?rest_route=%2Fwp%2Fv2%2Fcomments&post=538"}],"version-history":[{"count":13,"href":"https:\/\/www.maisonpaulrabaut.org\/index.php?rest_route=\/wp\/v2\/pages\/538\/revisions"}],"predecessor-version":[{"id":912,"href":"https:\/\/www.maisonpaulrabaut.org\/index.php?rest_route=\/wp\/v2\/pages\/538\/revisions\/912"}],"wp:attachment":[{"href":"https:\/\/www.maisonpaulrabaut.org\/index.php?rest_route=%2Fwp%2Fv2%2Fmedia&parent=538"}],"curies":[{"name":"wp","href":"https:\/\/api.w.org\/{rel}","templated":true}]}}